{"id":1260,"date":"2012-05-22T15:53:13","date_gmt":"2012-05-22T13:53:13","guid":{"rendered":"http:\/\/www.aphasie-grenoble.com\/?page_id=1260"},"modified":"2018-11-02T19:28:38","modified_gmt":"2018-11-02T17:28:38","slug":"1-accueil","status":"publish","type":"page","link":"https:\/\/www.aphasie-grenoble.com\/","title":{"rendered":"1- ACCUEIL"},"content":{"rendered":"<p><img decoding=\"async\" loading=\"lazy\" title=\"GAGEaccueil\" src=\"http:\/\/www.aphasie-grenoble.com\/wp-content\/uploads\/2009\/12\/GAGEaccueil.jpg\" alt=\"GAGEaccueil\" width=\"450\" height=\"173\" \/><\/p>\n<h2>Si\u00e8ge social : Les 4-Sols, 293 &#8211; rue des Thermes (38660) La Terrasse<\/h2>\n<h2>T\u00e9l\u00e9phone : 06.03.89.09.95<\/h2>\n<h2>Adresse E-mail : <a href=\"mailto:bonnefonnovel@gmail.com\"><span style=\"color: #000000;\">aphasie38@gmail.com<\/span><\/a><\/h2>\n<h2>Notre association a pour vocation d\u2019accueillir les personnes aphasiques victimes principalement d\u2019un <strong>accident vasculaire c\u00e9r\u00e9bral<\/strong>.<\/h2>\n<h2>Nous ne sommes ni m\u00e9decins, ni kin\u00e9s, ni orthophonistes. Nous sommes l\u00e0 pour proposer des activit\u00e9s et permettre aux aphasiques\u00a0et \u00e0 leur famille de sortir de leur isolement.<\/h2>\n<h2>GAGE organise des rencontres tous les premier et troisi\u00e8me jeudis du mois (hors cong\u00e9s scolaires) <em>de\u00a0<strong>13<span style=\"color: #000000;\">h30 \u00e0 15h45<\/span><\/strong><\/em><\/h2>\n<h2><strong>\u00a0<\/strong><em><span style=\"color: #0000ff;\">Centre de Loisirs Enfance et Famille<\/span><\/em><\/h2>\n<h2><em><span style=\"color: #0000ff;\">Villa Viallet<\/span><\/em><\/h2>\n<h2>2, rue Henri Ding &#8211; 38000 GRENOBLE<\/h2>\n<h2>Consulter le fichier \u00abACTIVITES DU JEUDI\u00bb pour conna\u00eetre l\u2019itin\u00e9raire d&rsquo;acc\u00e8s \u00e0 la Villa Viallet<\/h2>\n","protected":false},"excerpt":{"rendered":"<p>Si\u00e8ge social : Les 4-Sols, 293 &#8211; rue des Thermes (38660) La Terrasse T\u00e9l\u00e9phone : 06.03.89.09.95 Adresse E-mail : aphasie38@gmail.com Notre association a pour vocation d\u2019accueillir les personnes aphasiques victimes principalement d\u2019un accident vasculaire c\u00e9r\u00e9bral. Nous ne sommes ni m\u00e9decins, ni kin\u00e9s, ni orthophonistes. Nous sommes l\u00e0 pour proposer des activit\u00e9s et permettre aux aphasiques\u00a0et [&hellip;]<\/p>\n","protected":false},"author":2,"featured_media":0,"parent":0,"menu_order":0,"comment_status":"closed","ping_status":"closed","template":"","meta":[],"_links":{"self":[{"href":"https:\/\/www.aphasie-grenoble.com\/index.php?rest_route=\/wp\/v2\/pages\/1260"}],"collection":[{"href":"https:\/\/www.aphasie-grenoble.com\/index.php?rest_route=\/wp\/v2\/pages"}],"about":[{"href":"https:\/\/www.aphasie-grenoble.com\/index.php?rest_route=\/wp\/v2\/types\/page"}],"author":[{"embeddable":true,"href":"https:\/\/www.aphasie-grenoble.com\/index.php?rest_route=\/wp\/v2\/users\/2"}],"replies":[{"embeddable":true,"href":"https:\/\/www.aphasie-grenoble.com\/index.php?rest_route=%2Fwp%2Fv2%2Fcomments&post=1260"}],"version-history":[{"count":20,"href":"https:\/\/www.aphasie-grenoble.com\/index.php?rest_route=\/wp\/v2\/pages\/1260\/revisions"}],"predecessor-version":[{"id":2830,"href":"https:\/\/www.aphasie-grenoble.com\/index.php?rest_route=\/wp\/v2\/pages\/1260\/revisions\/2830"}],"wp:attachment":[{"href":"https:\/\/www.aphasie-grenoble.com\/index.php?rest_route=%2Fwp%2Fv2%2Fmedia&parent=1260"}],"curies":[{"name":"wp","href":"https:\/\/api.w.org\/{rel}","templated":true}]}}